{"id":11,"date":"2026-02-24T14:50:12","date_gmt":"2026-02-24T14:50:12","guid":{"rendered":"https:\/\/215.edukovac.xyz\/?page_id=11"},"modified":"2026-02-24T20:19:49","modified_gmt":"2026-02-24T20:19:49","slug":"naslovna","status":"publish","type":"page","link":"https:\/\/215.edukovac.xyz\/index.php\/naslovna\/","title":{"rendered":"Naslovna"},"content":{"rendered":"<p>[et_pb_section fb_built=&#8220;1&#8243; _builder_version=&#8220;4.15.1&#8243; _module_preset=&#8220;default&#8220; global_colors_info=&#8220;{}&#8220;][et_pb_row _builder_version=&#8220;4.15.1&#8243; _module_preset=&#8220;default&#8220; global_colors_info=&#8220;{}&#8220;][et_pb_column type=&#8220;4_4&#8243; _builder_version=&#8220;4.15.1&#8243; _module_preset=&#8220;default&#8220; global_colors_info=&#8220;{}&#8220;][et_pb_slider show_image_video_mobile=&#8220;on&#8220; _builder_version=&#8220;4.15.1&#8243; _module_preset=&#8220;default&#8220; auto=&#8220;on&#8220; auto_ignore_hover=&#8220;on&#8220; hover_enabled=&#8220;0&#8243; global_colors_info=&#8220;{}&#8220; auto_speed=&#8220;3500&#8243; sticky_enabled=&#8220;0&#8243;][et_pb_slide heading=&#8220;Prodavnica igra\u010daka&#8220; button_text=&#8220;klikni ovde&#8220; _builder_version=&#8220;4.15.1&#8243; _module_preset=&#8220;default&#8220; hover_enabled=&#8220;0&#8243; text_shadow_style=&#8220;preset3&#8243; text_shadow_horizontal_length=&#8220;-0.27em&#8220; global_colors_info=&#8220;{}&#8220; sticky_transition=&#8220;on&#8220; background_color=&#8220;#8300E9&#8243; background_enable_color=&#8220;on&#8220; sticky_enabled=&#8220;0&#8243;]<\/p>\n<p>Dobro do\u0161li u na\u0161u online prodavnicu<\/p>\n<p>[\/et_pb_slide][et_pb_slide heading=&#8220;Oprema za maskenbal&#8220; button_text=&#8220;Klikni ovde&#8220; image=&#8220;https:\/\/215.edukovac.xyz\/wp-content\/uploads\/2026\/02\/Oprema-za-maskenbal.jpg&#8220; _builder_version=&#8220;4.15.1&#8243; _module_preset=&#8220;default&#8220; hover_enabled=&#8220;0&#8243; text_shadow_style=&#8220;preset3&#8243; text_shadow_horizontal_length=&#8220;-0.21em&#8220; global_colors_info=&#8220;{}&#8220; sticky_transition=&#8220;on&#8220; background_color=&#8220;#8300E9&#8243; background_enable_color=&#8220;on&#8220; sticky_enabled=&#8220;0&#8243;]<\/p>\n<p>Tra\u017eitite kostim,pogledajte na\u0161u ponudu!<\/p>\n<p>[\/et_pb_slide][et_pb_slide heading=&#8220;Tricikli i guralice&#8220; button_text=&#8220;klikni ovde&#8220; image=&#8220;https:\/\/215.edukovac.xyz\/wp-content\/uploads\/2026\/02\/419-CRVENI-TRICIKL-ROTO-SEDISTE-02.jpg&#8220; _builder_version=&#8220;4.15.1&#8243; _module_preset=&#8220;default&#8220; hover_enabled=&#8220;0&#8243; text_shadow_style=&#8220;preset3&#8243; text_shadow_horizontal_length=&#8220;-0.46em&#8220; global_colors_info=&#8220;{}&#8220; sticky_transition=&#8220;on&#8220; background_color=&#8220;#8300E9&#8243; background_enable_color=&#8220;on&#8220; sticky_enabled=&#8220;0&#8243;]<\/p>\n<p>Tra\u017eite savr\u0161en poklon za prvi ro\u0111endan ili \u017eelite da svaka \u0161etnja postane avantura? Na\u0161a kolekcija tricikala i guralica dizajnirana je da prati odrastanje va\u0161eg deteta!<\/p>\n<p>[\/et_pb_slide][et_pb_slide heading=&#8220;Vozila na akumulator&#8220; button_text=&#8220;klikni ovde&#8220; image=&#8220;https:\/\/215.edukovac.xyz\/wp-content\/uploads\/2026\/02\/134-MOTOR-CETVOROTOCKAS-NA-AKUMULATOR-08.jpg&#8220; _builder_version=&#8220;4.15.1&#8243; _module_preset=&#8220;default&#8220; hover_enabled=&#8220;0&#8243; text_shadow_style=&#8220;preset3&#8243; text_shadow_horizontal_length=&#8220;-0.41em&#8220; global_colors_info=&#8220;{}&#8220; sticky_transition=&#8220;on&#8220; background_color=&#8220;#8300E9&#8243; background_enable_color=&#8220;on&#8220; sticky_enabled=&#8220;0&#8243;]<\/p>\n<p>Na\u0161a vozila nisu samo igra\u010dka, ve\u0107 pravo mala \u010duda tehnike koja pru\u017eaju sate i sate vrhunske zabave na sve\u017eem vazduhu!<\/p>\n<p>[\/et_pb_slide][et_pb_slide heading=&#8220;Bicikli&#8220; button_text=&#8220;Klikni ovde&#8220; image=&#8220;https:\/\/215.edukovac.xyz\/wp-content\/uploads\/2026\/02\/IMG_20240605_102450_edit_3878314983727.jpg&#8220; _builder_version=&#8220;4.15.1&#8243; _module_preset=&#8220;default&#8220; hover_enabled=&#8220;0&#8243; text_shadow_style=&#8220;preset3&#8243; text_shadow_horizontal_length=&#8220;0.31em&#8220; global_colors_info=&#8220;{}&#8220; sticky_transition=&#8220;on&#8220; background_color=&#8220;#8300E9&#8243; background_enable_color=&#8220;on&#8220; sticky_enabled=&#8220;0&#8243;]<\/p>\n<p>Predstavljamo vam modele koji su dizajnirani tako da detetu pru\u017ee maksimalnu stabilnost, a roditeljima bezbri\u017enost!<\/p>\n<p>[\/et_pb_slide][\/et_pb_slider][\/et_pb_column][\/et_pb_row][\/et_pb_section]<\/p>\n","protected":false},"excerpt":{"rendered":"<p>Dobro do\u0161li u na\u0161u online prodavnicuTra\u017eitite kostim,pogledajte na\u0161u ponudu!Tra\u017eite savr\u0161en poklon za prvi ro\u0111endan ili \u017eelite da svaka \u0161etnja postane avantura? Na\u0161a kolekcija tricikala i guralica dizajnirana je da prati odrastanje va\u0161eg deteta!Na\u0161a vozila nisu samo igra\u010dka, ve\u0107 pravo mala \u010duda tehnike koja pru\u017eaju sate i sate vrhunske zabave na sve\u017eem vazduhu!Predstavljamo vam modele koji [&hellip;]<\/p>\n","protected":false},"author":1,"featured_media":0,"parent":0,"menu_order":0,"comment_status":"closed","ping_status":"closed","template":"","meta":{"_et_pb_use_builder":"on","_et_pb_old_content":"","_et_gb_content_width":"","footnotes":""},"class_list":["post-11","page","type-page","status-publish","hentry"],"_links":{"self":[{"href":"https:\/\/215.edukovac.xyz\/index.php\/wp-json\/wp\/v2\/pages\/11","targetHints":{"allow":["GET"]}}],"collection":[{"href":"https:\/\/215.edukovac.xyz\/index.php\/wp-json\/wp\/v2\/pages"}],"about":[{"href":"https:\/\/215.edukovac.xyz\/index.php\/wp-json\/wp\/v2\/types\/page"}],"author":[{"embeddable":true,"href":"https:\/\/215.edukovac.xyz\/index.php\/wp-json\/wp\/v2\/users\/1"}],"replies":[{"embeddable":true,"href":"https:\/\/215.edukovac.xyz\/index.php\/wp-json\/wp\/v2\/comments?post=11"}],"version-history":[{"count":7,"href":"https:\/\/215.edukovac.xyz\/index.php\/wp-json\/wp\/v2\/pages\/11\/revisions"}],"predecessor-version":[{"id":24,"href":"https:\/\/215.edukovac.xyz\/index.php\/wp-json\/wp\/v2\/pages\/11\/revisions\/24"}],"wp:attachment":[{"href":"https:\/\/215.edukovac.xyz\/index.php\/wp-json\/wp\/v2\/media?parent=11"}],"curies":[{"name":"wp","href":"https:\/\/api.w.org\/{rel}","templated":true}]}}