{"id":117,"date":"2026-02-25T22:02:48","date_gmt":"2026-02-25T22:02:48","guid":{"rendered":"https:\/\/215.edukovac.xyz\/?page_id=117"},"modified":"2026-02-25T22:03:09","modified_gmt":"2026-02-25T22:03:09","slug":"nacin-isporuke","status":"publish","type":"page","link":"https:\/\/215.edukovac.xyz\/index.php\/nacin-isporuke\/","title":{"rendered":"Na\u010din isporuke"},"content":{"rendered":"\n<p>Isporuka kupljenih artikala iz na\u0161e online prodavnice se vr\u0161i isklju\u010divo posredstvom kurirske slu\u017ebe sa kojom imamo ugovor.Nakon<br>porud\u017ebine kontaktiramo kupca,ukoliko kupcu ne odgovara brza po\u0161ta ili iznos po\u0161tarine storniramo porud\u017ebinu.<br>Na\u017ealost, nemamo opciju da kupci sami biraju \u017eeljenu slu\u017ebu za dostavu. Isporuku vr\u0161imo samo u granicama Republike Srbije.<br>Nemamo opciju li\u010dnog bez predhodne na\u0161e saglasnosti da je li\u010dno preuzimanje mogu\u0107e organizovati.<br>Isporuka robe vr\u0161i se putem kurirske slu\u017ebe D express u skladu sa poslovnom politikom i radnim vremenom slu\u017ebe.<br>Okvirni rok za isporuku robe je 2-5 radnih dana u redovnim okolnostima(ne ra\u010duna se vikend i neradni dani kad brza po\u0161ta dexspres ne radi). U periodima verskih i drugih praznika kada je pove\u0107an obim posla rok za isporuku mo\u017ee biti produ\u017een.<\/p>\n","protected":false},"excerpt":{"rendered":"<p>Isporuka kupljenih artikala iz na\u0161e online prodavnice se vr\u0161i isklju\u010divo posredstvom kurirske slu\u017ebe sa kojom imamo ugovor.Nakonporud\u017ebine kontaktiramo kupca,ukoliko kupcu ne odgovara brza po\u0161ta ili iznos po\u0161tarine storniramo porud\u017ebinu.Na\u017ealost, nemamo opciju da kupci sami biraju \u017eeljenu slu\u017ebu za dostavu. Isporuku vr\u0161imo samo u granicama Republike Srbije.Nemamo opciju li\u010dnog bez predhodne na\u0161e saglasnosti da je li\u010dno [&hellip;]<\/p>\n","protected":false},"author":1,"featured_media":0,"parent":0,"menu_order":0,"comment_status":"closed","ping_status":"closed","template":"","meta":{"_et_pb_use_builder":"off","_et_pb_old_content":"","_et_gb_content_width":"","footnotes":""},"class_list":["post-117","page","type-page","status-publish","hentry"],"_links":{"self":[{"href":"https:\/\/215.edukovac.xyz\/index.php\/wp-json\/wp\/v2\/pages\/117","targetHints":{"allow":["GET"]}}],"collection":[{"href":"https:\/\/215.edukovac.xyz\/index.php\/wp-json\/wp\/v2\/pages"}],"about":[{"href":"https:\/\/215.edukovac.xyz\/index.php\/wp-json\/wp\/v2\/types\/page"}],"author":[{"embeddable":true,"href":"https:\/\/215.edukovac.xyz\/index.php\/wp-json\/wp\/v2\/users\/1"}],"replies":[{"embeddable":true,"href":"https:\/\/215.edukovac.xyz\/index.php\/wp-json\/wp\/v2\/comments?post=117"}],"version-history":[{"count":2,"href":"https:\/\/215.edukovac.xyz\/index.php\/wp-json\/wp\/v2\/pages\/117\/revisions"}],"predecessor-version":[{"id":119,"href":"https:\/\/215.edukovac.xyz\/index.php\/wp-json\/wp\/v2\/pages\/117\/revisions\/119"}],"wp:attachment":[{"href":"https:\/\/215.edukovac.xyz\/index.php\/wp-json\/wp\/v2\/media?parent=117"}],"curies":[{"name":"wp","href":"https:\/\/api.w.org\/{rel}","templated":true}]}}