{"id":120,"date":"2026-02-25T22:04:30","date_gmt":"2026-02-25T22:04:30","guid":{"rendered":"https:\/\/215.edukovac.xyz\/?page_id=120"},"modified":"2026-04-02T18:27:32","modified_gmt":"2026-04-02T18:27:32","slug":"neisporucene-posiljke","status":"publish","type":"page","link":"https:\/\/215.edukovac.xyz\/index.php\/neisporucene-posiljke\/","title":{"rendered":"Neisporu\u010dene po\u0161iljke"},"content":{"rendered":"\n<p><br>Ukoliko paket ne bude pruzet od strane kupca.Brza po\u0161ta po\u0161iljku vrati po\u0161iljaocu paket prodavac zadr\u017eava pravo da stornira porud\u017ebinu bez ponovljenog slanja.<\/p>\n\n\n\n<p>Ponovno slanje je mogu\u0107e samo u slu\u010daju kada kupac pre ponovljenog slanja uplati sve tro\u0161kove(za predhodno i ponovno slanje)prodavcu.<\/p>\n\n\n\n<p><\/p>\n\n\n\n<p><\/p>\n","protected":false},"excerpt":{"rendered":"<p>Ukoliko paket ne bude pruzet od strane kupca.Brza po\u0161ta po\u0161iljku vrati po\u0161iljaocu paket prodavac zadr\u017eava pravo da stornira porud\u017ebinu bez ponovljenog slanja. Ponovno slanje je mogu\u0107e samo u slu\u010daju kada kupac pre ponovljenog slanja uplati sve tro\u0161kove(za predhodno i ponovno slanje)prodavcu.<\/p>\n","protected":false},"author":1,"featured_media":0,"parent":0,"menu_order":0,"comment_status":"closed","ping_status":"closed","template":"","meta":{"_et_pb_use_builder":"off","_et_pb_old_content":"","_et_gb_content_width":"","footnotes":""},"class_list":["post-120","page","type-page","status-publish","hentry"],"_links":{"self":[{"href":"https:\/\/215.edukovac.xyz\/index.php\/wp-json\/wp\/v2\/pages\/120","targetHints":{"allow":["GET"]}}],"collection":[{"href":"https:\/\/215.edukovac.xyz\/index.php\/wp-json\/wp\/v2\/pages"}],"about":[{"href":"https:\/\/215.edukovac.xyz\/index.php\/wp-json\/wp\/v2\/types\/page"}],"author":[{"embeddable":true,"href":"https:\/\/215.edukovac.xyz\/index.php\/wp-json\/wp\/v2\/users\/1"}],"replies":[{"embeddable":true,"href":"https:\/\/215.edukovac.xyz\/index.php\/wp-json\/wp\/v2\/comments?post=120"}],"version-history":[{"count":3,"href":"https:\/\/215.edukovac.xyz\/index.php\/wp-json\/wp\/v2\/pages\/120\/revisions"}],"predecessor-version":[{"id":312,"href":"https:\/\/215.edukovac.xyz\/index.php\/wp-json\/wp\/v2\/pages\/120\/revisions\/312"}],"wp:attachment":[{"href":"https:\/\/215.edukovac.xyz\/index.php\/wp-json\/wp\/v2\/media?parent=120"}],"curies":[{"name":"wp","href":"https:\/\/api.w.org\/{rel}","templated":true}]}}