{"id":128,"date":"2026-02-25T22:12:02","date_gmt":"2026-02-25T22:12:02","guid":{"rendered":"https:\/\/215.edukovac.xyz\/?page_id=128"},"modified":"2026-03-09T20:02:33","modified_gmt":"2026-03-09T20:02:33","slug":"deklaracija","status":"publish","type":"page","link":"https:\/\/215.edukovac.xyz\/index.php\/deklaracija\/","title":{"rendered":"DEKLARACIJA"},"content":{"rendered":"[et_pb_section admin_label=&#8220;section&#8220;]\n\t\t\t[et_pb_row admin_label=&#8220;row&#8220;]\n\t\t\t\t[et_pb_column type=&#8220;4_4&#8243;][et_pb_text admin_label=&#8220;Text&#8220;]\n<p><strong>Informacije o prodavcu<\/strong>:<\/p>\n\n\n\n<p>online prodavnica-TVITIITI,Ni\u0161<\/p>\n\n\n\n<p>puno ime-Vanja Miti\u0107 pr trgovina na malo podsredstvom po\u0161te ili preko interneta TVITIITI Ni\u0161<br>Pib-113675505<br>Mati\u010dni broj- 66995097<br>Prete\u017ena delatnost:4791<br>Broj ra\u010duna:160-6000001704983-07<\/p>\n\n\n\n<p><br><strong>Informacije o proizvodima:<\/strong><br>Naziv i \u0161ifra artikla: naziv i \u0161ifra proizvoda navedeni su u opisu proizvoda<br>Jedini\u010dna mera: 1 komad ukoiko nije druga\u010dije navedeno u opisu proizvoda<br>Ta\u010dan podatak o uvozniku i zemlji porekla je naveden na deklaraciji na proizvodu.<br>Sastav: navedeno u opisu proizvoda<br>Upozorenje:Paziti na sitne delove koji mogu izazvati gu\u0161enje.De\u010dije igra\u010dke koristiti u prisustvu odrasle osobe.Ukloniti sve delove<br>pakovanja pre davanja igra\u010dke deci na kori\u0161\u0107enje.<br>Rok upotrebe proizvoda:neograni\u010den ukoliko nije druga\u010dije navedeno u samom opisu proizvoda<br>Za sve eventualne dodatne informacije o proizvodu i pomo\u0107i oko odabira adekvatne igra\u010dke mo\u017eete nas kontaktirati lanjem pitanja i<br>linka proizvoda na meil info@prodajaigracaka.rs<\/p>\n[\/et_pb_text][\/et_pb_column]\n\t\t\t[\/et_pb_row]\n\t\t[\/et_pb_section]","protected":false},"excerpt":{"rendered":"<p>Informacije o prodavcu: online prodavnica-TVITIITI,Ni\u0161 puno ime-Vanja Miti\u0107 pr trgovina na malo podsredstvom po\u0161te ili preko interneta TVITIITI Ni\u0161Pib-113675505Mati\u010dni broj- 66995097Prete\u017ena delatnost:4791Broj ra\u010duna:160-6000001704983-07 Informacije o proizvodima:Naziv i \u0161ifra artikla: naziv i \u0161ifra proizvoda navedeni su u opisu proizvodaJedini\u010dna mera: 1 komad ukoiko nije druga\u010dije navedeno u opisu proizvodaTa\u010dan podatak o uvozniku i zemlji porekla je [&hellip;]<\/p>\n","protected":false},"author":1,"featured_media":0,"parent":0,"menu_order":0,"comment_status":"closed","ping_status":"closed","template":"","meta":{"_et_pb_use_builder":"on","_et_pb_old_content":"<!-- wp:paragraph -->\n<p><strong>Informacije o prodavcu<\/strong>:<\/p>\n<!-- \/wp:paragraph -->\n\n<!-- wp:paragraph -->\n<p>online prodavnica-TVITIITI,Ni\u0161<\/p>\n<!-- \/wp:paragraph -->\n\n<!-- wp:paragraph -->\n<p>puno ime-Vanja Miti\u0107 pr trgovina na malo podsredstvom po\u0161te ili preko interneta TVITIITI Ni\u0161<br>Pib-113675505<br>Mati\u010dni broj- 66995097<br>Prete\u017ena delatnost:4791<br>Broj ra\u010duna:160-6000001704983-07<\/p>\n<!-- \/wp:paragraph -->\n\n<!-- wp:paragraph -->\n<p><br><strong>Informacije o proizvodima:<\/strong><br>Naziv i \u0161ifra artikla: naziv i \u0161ifra proizvoda navedeni su u opisu proizvoda<br>Jedini\u010dna mera: 1 komad ukoiko nije druga\u010dije navedeno u opisu proizvoda<br>Ta\u010dan podatak o uvozniku i zemlji porekla je naveden na deklaraciji na proizvodu.<br>Sastav: navedeno u opisu proizvoda<br>Upozorenje:Paziti na sitne delove koji mogu izazvati gu\u0161enje.De\u010dije igra\u010dke koristiti u prisustvu odrasle osobe.Ukloniti sve delove<br>pakovanja pre davanja igra\u010dke deci na kori\u0161\u0107enje.<br>Rok upotrebe proizvoda:neograni\u010den ukoliko nije druga\u010dije navedeno u samom opisu proizvoda<br>Za sve eventualne dodatne informacije o proizvodu i pomo\u0107i oko odabira adekvatne igra\u010dke mo\u017eete nas kontaktirati lanjem pitanja i<br>linka proizvoda na meil info@prodajaigracaka.rs<\/p>\n<!-- \/wp:paragraph -->","_et_gb_content_width":"","footnotes":""},"class_list":["post-128","page","type-page","status-publish","hentry"],"_links":{"self":[{"href":"https:\/\/215.edukovac.xyz\/index.php\/wp-json\/wp\/v2\/pages\/128","targetHints":{"allow":["GET"]}}],"collection":[{"href":"https:\/\/215.edukovac.xyz\/index.php\/wp-json\/wp\/v2\/pages"}],"about":[{"href":"https:\/\/215.edukovac.xyz\/index.php\/wp-json\/wp\/v2\/types\/page"}],"author":[{"embeddable":true,"href":"https:\/\/215.edukovac.xyz\/index.php\/wp-json\/wp\/v2\/users\/1"}],"replies":[{"embeddable":true,"href":"https:\/\/215.edukovac.xyz\/index.php\/wp-json\/wp\/v2\/comments?post=128"}],"version-history":[{"count":3,"href":"https:\/\/215.edukovac.xyz\/index.php\/wp-json\/wp\/v2\/pages\/128\/revisions"}],"predecessor-version":[{"id":214,"href":"https:\/\/215.edukovac.xyz\/index.php\/wp-json\/wp\/v2\/pages\/128\/revisions\/214"}],"wp:attachment":[{"href":"https:\/\/215.edukovac.xyz\/index.php\/wp-json\/wp\/v2\/media?parent=128"}],"curies":[{"name":"wp","href":"https:\/\/api.w.org\/{rel}","templated":true}]}}