{"id":93,"date":"2026-02-25T21:47:31","date_gmt":"2026-02-25T21:47:31","guid":{"rendered":"https:\/\/215.edukovac.xyz\/?page_id=93"},"modified":"2026-02-25T21:53:48","modified_gmt":"2026-02-25T21:53:48","slug":"uslovi-koriscenja","status":"publish","type":"page","link":"https:\/\/215.edukovac.xyz\/index.php\/uslovi-koriscenja\/","title":{"rendered":"Uslovi kori\u0161\u0107enja"},"content":{"rendered":"\n<p><strong>USLOVI KORI\u0160\u0106ENJA<\/strong><\/p>\n\n\n\n<p>Kori\u0161\u0107enjem sajta prodajaigracaka.rs prihvatate Uslove kori\u0161\u0107enja navedene u slede\u0107em tekstu. Molimo da pro\u010ditate tekst pa\u017eljivo kako biste izbegli nedoumice. Hvala!<\/p>\n\n\n\n<p>Za kori\u0161\u0107enje web stranice prodajaigracaka.rs, primenjuju se ovi Op\u0161ti Uslovi kori\u0161\u0107enja i svi va\u017ee\u0107i zakoni i pravni propisi.<\/p>\n\n\n\n<p>Posetom i\/ili kupovinom na na\u0161oj online prodavnici \u201cprodajaigracaka\u201d (prodajaigracaka.rs) prihvatate Uslove kori\u0161\u0107enja koji su navedeni u daljem tekstu i sve va\u017ee\u0107e zakone i pravne propise. Pristupom i kori\u0161\u0107enjem usluga ove stranice smatra se da ste upoznati sa svim uslovima i odnosima, da ste ih pro\u010ditali, razumeli, i da ih va\u0161om odlukom o kupovini prihvatate. \u201cprodajaigracaka\u201d (prodajaigracaka.rs) zadr\u017eavaju pravo da bez prethodnog obave\u0161tavanja korisnika vr\u0161e izmene i dopune Uslova kori\u0161\u0107enja.<\/p>\n\n\n\n<p>on line prodavnica TVITIITI- ima pravo izmene Uslova kori\u0161\u0107enja u bilo kojem trenutku, uklju\u010duju\u0107i i pravo ukidanja pristupa ovoj stranici bez prethodnog obave\u0161tenja. Ukoliko se ne sla\u017eete s na\u0161im Uslovima kori\u0161\u0107enja ili niste punoletni, molimo Vas da se suzdr\u017eite od upotrebe na\u0161e internet stranice. Isklju\u010dujemo odgovornost za bilo kakvu \u0161tetu prouzrokovanu korisnicima ili tre\u0107im licima usled neinformisanosti o sadr\u017eaju Uslova kori\u0161\u0107enja i njihovih izmena.<br>Uslovi kori\u0161\u0107enja va\u017ee za kupce \u010dije se prebivali\u0161te nalazi na podru\u010dju Republike Srbije. Ne isporu\u010dujemo robu van granica Republike Srbije.<\/p>\n\n\n\n<h2 class=\"wp-block-heading\">Komunikacija<\/h2>\n\n\n\n<p>Sa nama komunicirate elektronskim putem (e-mail). Ukoliko niste sigurni da \u0107ete ispravno popuniti narud\u017ebenicu, mo\u017eete nas pozvati na dati telefon.Pomo\u0107i \u0107emo vam oko poru\u010divanja.<\/p>\n\n\n\n<p>Na\u0161a komunikacija prema vama \u0107e biti obavljana putem elektronske po\u0161te (direktno na Va\u0161 email), obave\u0161tenjima koja \u0107emo objavljivati na ovom sajtu i putem telefona.<\/p>\n\n\n\n<h2 class=\"wp-block-heading\">Izjava o za\u0161titi privatnosti<\/h2>\n\n\n\n<p>U ime preduze\u0107a TVITIITI (prodajaigracaka.rs) obavezujemo se da \u0107emo \u010duvati privatnost podataka na\u0161ih kupaca. Prikupljamo samo osnovne podatke o kupcima kao i podatke neophodne za poslovanje i komunikaciju sa korisnicima u cilju pru\u017eanja kvalitetne usluge.<\/p>\n\n\n\n<h2 class=\"wp-block-heading\">Kupovina<\/h2>\n\n\n\n<p>Kupcem se smatra svaka osoba koja plati barem jedan proizvod i dostavi svoje podatke za dopremu robe.<\/p>\n\n\n\n<p>Zadr\u017eavamo mogu\u0107nost poni\u0161tavanja narud\u017ebine u slu\u010daju da kupac nije ostavio kompletno validne podatke(adresa,kontakt telefon).Zadr\u017eavamo mogu\u0107nost poni\u0161tavanja narud\u017ebine u slu\u010daju da kupac nije preuzeo predhodnu porud\u017ebinu(vratila brza po\u0161ta,poru\u010dio nije preuzeo\u2026)<\/p>\n\n\n\n<p>Zadr\u017eavamo mogu\u0107nost gre\u0161ke i poni\u0161tavanje narud\u017ebine u slu\u010daju da je navedeno da odre\u0111eni artikal ima na stanju, a da je zapravo rasprodat ili o\u0161te\u0107en.<\/p>\n\n\n\n<h2 class=\"wp-block-heading\">Pla\u0107anja<\/h2>\n\n\n\n<p>Pla\u0107anja u na\u0161oj internet prodavnici mo\u017eete obaviti na tri na\u010dina: pouze\u0107em u gotovini, karticom(ukoliko brza po\u0161ta ima tu mogu\u0107nost) ili uplatom na ra\u010dun.<\/p>\n\n\n\n<p>Cene na sajtu su iskazane u dinarima pri \u010demu je PDV ura\u010dunat u cenu.<\/p>\n\n\n\n<h2 class=\"wp-block-heading\">Isporuka<\/h2>\n\n\n\n<p>Isporuka kupljenih artikala iz na\u0161e online prodavnice se vr\u0161i isklju\u010divo posredstvom kurirske slu\u017ebe sa kojom imamo ugovor.Nakon porud\u017ebine kontaktiramo kupca,ukoliko kupcu ne odgovara brza po\u0161ta ili iznos po\u0161tarine storniramo porud\u017ebinu.<\/p>\n\n\n\n<p>Na\u017ealost, nemamo opciju da kupci sami biraju \u017eeljenu slu\u017ebu za dostavu. Isporuku vr\u0161imo samo u granicama Republike Srbije.<\/p>\n\n\n\n<p>Nemamo opciju li\u010dnog bez predhodne na\u0161e saglasnosti da je li\u010dno preuzimanje mogu\u0107e organizovati.<\/p>\n\n\n\n<h2 class=\"wp-block-heading\">Va\u0161 nalog<\/h2>\n\n\n\n<p>Za kupovinu na na\u0161em sajtu nije potrebna registracija.<\/p>\n\n\n\n<p>Ukoliko se registrujete odgovorni ste za odr\u017eavanje svog naloga i poverljivost lozinke koje ste dobili prilikom Registracije. Kori\u0161\u0107enjem sajta odgovorni ste za sve aktivnosti koje se de\u0161avaju na Va\u0161em nalogu i sa Va\u0161om lozinkom. La\u017eno predstavljanje i registracija sa tu\u0111om email adresom nije dozvoljena.<\/p>\n\n\n\n<p>Maloletna lica mogu koristiti ovaj sajt isklju\u010divo uz nadzor roditelja ili staratelja. Kupovinu preko sajta mo\u017ee obaviti samo punoletno lice.<\/p>\n\n\n\n<h2 class=\"wp-block-heading\">Opisi proizvoda<\/h2>\n\n\n\n<p>Internet prodavnica igra\u010daka \u201cprodajaigracaka\u201d nastoji da sve proizvode opi\u0161e \u0161to je ta\u010dnije mogu\u0107e. Tako\u0111e prodajaigracaka ne garantuju da su svi navedeni podaci u vezi proizvoda potpuno ta\u010dni, pouzdani, kompletni i bez gre\u0161aka.<\/p>\n\n\n\n<p>Ukoliko se dogodi da proizvod koji ste kupili ima sve u tekstu napisane karakteristike a ima vizuelno odstupanje koje ne umanjuje funkcionalnost proizvodao u smislu boje i dizajna ne smatra se da je pogre\u0161no poslat proizvod.<\/p>\n\n\n\n<p>Ako vam je bitno da proizvod bude u odre\u0111enoj boji ili odre\u0111enog dizajna molimo vas da pre kupovine obavezno izvr\u0161ite upit dali takav proizvod ima na stanju.<\/p>\n\n\n\n<p>Upit poslati obavezno sa \u0161ifrom proizvoda na info@prodajaigracaka.rs<\/p>\n\n\n\n<h2 class=\"wp-block-heading\">Fotografije proizvoda<\/h2>\n\n\n\n<p>Slike proizvoda na sajtu su ilustrativne prirode,trudimo se da budu \u0161to autenti\u010dnije slike ali ne garantujemo potpunu autenti\u010dnost.<\/p>\n\n\n\n<p>Zadr\u017eavamo mogu\u0107nost gre\u0161ke ili razlike u pogledu boja i sitnih detalja.<\/p>\n\n\n\n<p>Fotografije prikazane na internet stranici Fotografije, tekstovi, te ostali materijal ne sme se objavljivati, prodavati, javno ili privatno publikovati niti na bilo koji drugi na\u010din koristiti bez saglasnosti firme TVITIITI. Svako nepridr\u017eavanje uslova iz prethodnih stavova ovog \u010dlana povla\u010di za sobom odgovornost i obavezu naknade nematerijalne \u0161tete. Firma TVITIITI zadr\u017eava sva autorska prava na kori\u0161\u0107enje fotografija, teksta, te ostalog objavljenog materijala, u smislu pozitivnih zakonskih propisa u Republici Srbiji.<\/p>\n\n\n\n<h2 class=\"wp-block-heading\">Cene proizvoda<\/h2>\n\n\n\n<p>Sve cene proizvoda koje su navedene na sajtu su sa ura\u010dunatim PDV-om. Sajt \u201cprodajaigracaka\u201d ima pravo da otka\u017ee narud\u017ebenicu (uz slanje email obave\u0161tenja,sms poruke ili telefonskim pozivom) ukoliko je slu\u010dajno do\u0161lo do gre\u0161ke prilikom postavljanja cene proizvoda na sajt, npr. umesto 2000 dinara je navedena cena od 200 din, i sli\u010dno. Trudimo se da sve informacije, a time i cene proveravamo i a\u017euriramo, ali molimo korisnike da imaju razumevanja i strpljenja ukoliko do\u0111e do nekih gre\u0161aka.<\/p>\n\n\n\n<p>Sva pla\u0107anja bi\u0107e izvr\u0161ena u lokalnoj valuti Republike Srbije \u2013 dinar (RSD)<\/p>\n\n\n\n<h2 class=\"wp-block-heading\">Po\u0161tarina<\/h2>\n\n\n\n<p>Zbog stalnih promena cena po\u0161tarine nismo dali opciju fiksna po\u0161tarina.<\/p>\n\n\n\n<p>Ukoliko kupcu ne bude odgovarala visina po\u0161tarine,u komunikaciji nakon poru\u010divanja stornira\u0107emo porud\u017ebinu(nakon poru\u010divanja kad kontaktiramo kupca i dobije informaciju o visini po\u0161tarine,ukoliko ne odgovara mo\u017ee da odustane od porud\u017ebine)<\/p>\n\n\n\n<p>Na sajtu prodajaigracaka.rs obi\u010dno se po\u0161tarina ura\u010dunava u kona\u010dan iznos za naplatu automatski, kako bi se izbegle mogu\u0107e zloupotrebe od strane kurira.<\/p>\n\n\n\n<p>Nismo odgovorni ukoliko kurir naplati vi\u0161e od iznosa koji je unet u sistem brze po\u0161te.<\/p>\n\n\n\n<p>Nemamo opciju besplatna po\u0161atrina.<\/p>\n\n\n\n<h2 class=\"wp-block-heading\">Reklamacije<\/h2>\n\n\n\n<p>Online prodavnica prodajaigracaka.rs prihvata reklamaciju proizvoda u skladu sa Zakonom o za\u0161titi potro\u0161a\u010da Sl. Glasnik RS\u201c, br. 62\/2014 i 6\/2016 \u2013 i pravilima dobre prakse.<\/p>\n\n\n\n<p>Detaljno o Reklamaciji proizvoda na&nbsp;<a href=\"https:\/\/prodajaigracaka.rs\/wp-content\/uploads\/Reklamacija-Povrat-paketa-Prava-i-obaveze.pdf\">https:\/\/prodajaigracaka.rs\/wp-content\/uploads\/Reklamacija-Povrat-paketa-Prava-i-obaveze.pdf&nbsp;<\/a><\/p>\n\n\n\n<h2 class=\"wp-block-heading\">Ostalo<\/h2>\n\n\n\n<p>Delimi\u010dna ili potpuna neprimenjivost i\/ili nezakonitost odre\u0111ene odredbe Uslova kori\u0161\u0107enja ne\u0107e ni u kom slu\u010daju uticati na punova\u017enost ostalih odredbi koje ostaju na snazi u celini. Neprimenljiva ili nezakonita odredba \u0107e biti bi\u0107e zamenjena drugom, odgovaraju\u0107om odredbom.<\/p>\n\n\n\n<p>Kupac mo\u017ee postati svaka punoletna i poslovno sposobna osoba koja prihvata na\u0161e uslove kori\u0161\u0107enja \u0161to se potvr\u0111uje porud\u017ebinom artikala. Ugovor u ime i za ra\u010dun maloletnika ili potpuno poslovno nesposobne osobe mogu sklopiti samo njihovi zakonski zastupnici, a delimi\u010dno poslovno sposobne osobe mogu sklopiti ugovor samo uz suglasnost njihovog zakonskog zastupnika.<\/p>\n\n\n\n<p>Prihvatanje uslova kori\u0161\u0107enja kupac potvr\u0111uje prilikom porud\u017ebine artikala putem ovog web shopa.<\/p>\n\n\n\n<h2 class=\"wp-block-heading\">Promena (a\u017euriranje) podataka na sajtu<\/h2>\n\n\n\n<p>Administratori stranica zadr\u017eavaju pravo promene, ukidanja (privremenog i trajnog) bilo kojeg sadr\u017eaja ili usluge na stranici bez obaveze prethodne najave.<\/p>\n\n\n\n<p>Radnja TVITIITI nije odgovorna za bilo kakav sadr\u017eaj koji neovla\u0161\u0107eni korisnik mo\u017ee postaviti na Internet stranicu, zadr\u017eava pravo promene, prilago\u0111avanja, izmene, brisanja ili uklanjanja bilo kojeg sadr\u017eaja za koji oceni da je neprikladan, mo\u017ee raskinuti poslovni odnos sa bilo kojim svojim krajnjim korisnikom u bilo kojem trenutku.<\/p>\n\n\n\n<p>Radnja TVITIITI zadr\u017eava pravo trenutno ukinuti pravo pristupa krajnjem korisniku u slu\u010daju pona\u0161anja krajnjeg korisnika koje smatra neprihvatljivim, kao i u svakom slu\u010daju nepo\u0161tovanja Op\u0161tih uslova poslovanja od strane krajnjeg korisnika.<\/p>\n\n\n\n<p>Radnja TVITIITI ne\u0107e biti odgovorna za bilo koje pogre\u0161ke, neta\u010dnosti ili neizvornost informacija koje se nalaze na ovoj internet stranici, kao i za bilo kakvo ka\u0161njenje ili prekid u prenosu informacija do krajnjeg korisnika, za bilo kakva potra\u017eivanja ili gubitke koji iz tog proizlaze, uklju\u010duju\u0107i i izgubljenu dobit.<\/p>\n\n\n\n<h2 class=\"wp-block-heading\">Povra\u0107aj sredstava<\/h2>\n\n\n\n<p>U slu\u010daju vra\u0107anja robe i povra\u0107aja sredstava kupcu koji je prethodno platio pouze\u0107em ili uplatom na ra\u010dun, povrat sredstava \u0107e se obaviti uplatom na ra\u010dun kupca koji navede u Obrascu za reklamaciju ili Obrascu za odustanak od ugovora.<\/p>\n\n\n\n<p>Kupac ne mo\u017ee ni u kom slu\u010daju, ni pod kojim uslovima, zahtevati povra\u0107aj sredstava u gotovini ili po kuriru. Svi povra\u0107aji sredstava se obavljaju posredstvom banke.<\/p>\n\n\n\n<p>Ukoliko je kupac proizvod preuzeo li\u010dno vra\u0107anje proizvoda i sredstava vr\u0161i se na isti na\u010din kako je proizvod pla\u0107en(u gotovini ili uplatom na ra\u010dun).<\/p>\n\n\n\n<h2 class=\"wp-block-heading\">Isporuka i Preuzimanje po\u0161iljke<\/h2>\n\n\n\n<p>Rok isporuke je promenljiv u zavisnosti od obima posla, praznika, neradnih dana, dostupnosti artikla, nepredvi\u0111enih okolnosti i sl.<\/p>\n\n\n\n<p>Kuriri obi\u010dno zovu pre dolaska na adresu za isporuku.Molimo Vas da u tom periodu budete dostupni na telefon.Ukoliko se ne javite kurir ide dalje,nema mogu\u0107nost tog dana da se ponovo vrati na istu adresu .Molimo vas da budete odgovrni i da ostavite broj telefona nekoga ko je uvek dostupan na telefon kako bi kurir \u0161to pre isporu\u010dio paket.<\/p>\n\n\n\n<p>Prilikom preuzimanja po\u0161iljke potrebno je da vizuelno pregledate paket da slu\u010dajno ne postoje neka vidna o\u0161te\u0107enja. Ukoliko primetite da je transportna kutija zna\u010dajno o\u0161te\u0107ena i posumnjate da je proizvod mo\u017eda o\u0161te\u0107en, odbijte prijem po\u0161iljke i odmah nas obavestite. Ukoliko je po\u0161iljka naizgled bez o\u0161te\u0107enja, mo\u017eete je preuzeti i potpisati dostavnicu.<\/p>\n\n\n\n<p>Ukoliko ne preuzmete paket ili odbijete prijem brza po\u0161ta nama vra\u0107a po\u0161iljku i napla\u0107uje uve\u0107anu osnovnu po\u0161tarinu.Ukoliko niste u mogu\u0107nosti da preuzmete paket ili niste sigurni da mo\u017eete molimo vas da ne poru\u010dujete.<\/p>\n\n\n\n<h2 class=\"wp-block-heading\">Politika reklamacija<\/h2>\n\n\n\n<p>Kupac mo\u017ee da izjavi reklamaciju prodavcu zbog nesaobraznosti robe, o\u0161te\u0107enja,kao i zbog pogre\u0161no obra\u010dunate cene i drugih nedostataka.<\/p>\n\n\n\n<p>Shodno Zakonu o za\u0161titi potro\u0161a\u010da, kupac ima pravo da raskine ugovor o kupovini na daljinu.<\/p>\n\n\n\n<p>Sve reklamacije re\u0161avamo u skladu sa Zakonom o za\u0161titi potro\u0161a\u010da Sl. Glasnik RS\u201c, br. 62\/2014 i 6\/2016 i pravilima dobre prakse.<\/p>\n\n\n\n<h3 class=\"wp-block-heading\">Situacije koje podle\u017eu reklamaciji proizvoda<\/h3>\n\n\n\n<p>Izdvojili smo situacije u kojima Vam savetujemo da odbijete da preuzmete ili da naknadno vratite naru\u010deni proizvod, a mi \u0107emo ustanoviti kako je do\u0161lo do gre\u0161ke i poku\u0161ati da je ispravimo. Reklamacijama podle\u017eu slede\u0107i slu\u010dajevi koji se mogu javiti prilikom preuzimanja po\u0161iljke i nakon preuzimanja kada ste paket otvorili ku\u0107i.<\/p>\n\n\n\n<p>O ovome nas \u0161to pre obavestite na telefon 065\/300 70 88 ili slanjem maila na adresu info@prodajaigracaka.rs<\/p>\n\n\n\n<p>Ukoliko ste uredno platili i primili po\u0161iljku, a nakon otvaranja paketa ustanovili:<\/p>\n\n\n\n<p>Da ste dobili proizvod koji niste poru\u010dili,pogre\u0161an proizvod<br>Da ste dobili nekompletnu porud\u017ebinu<br>Da ste dobli proizvod koji je o\u0161te\u0107en\/polomljen<br>Da ste dobili proizvod koji ne radi<br>Molimo da nas obavestite o tome prate\u0107i proceduru za reklamaciju proizvoda koja je dole opisana,<\/p>\n\n\n\n<p>a najkasnije 7 dana od preuzimanja po\u0161iljke.<\/p>\n\n\n\n<p>U slu\u010daju da dodje do neke od gorenavedenih situacija, mi \u0107emo re\u0161iti problem u najkra\u0107em mogu\u0107em roku i u dogovoru sa Vama.<\/p>\n\n\n\n<h3 class=\"wp-block-heading\">PROCEDURA ZA REKLAMACIJU PROIZVODA<\/h3>\n\n\n\n<p>Kupac podnosi reklamaciju preuzimanjem Obrasca za reklamaciju (Reklamacioni list)koji u PDF formatu mo\u017ee preuzeti na sajtu www.prodajaigracaka.rs<\/p>\n\n\n\n<p>Kupac je du\u017ean da prijavi reklamaciju u roku od 7 radnih dana od momenta prijema po\u0161iljke. Savetujemo da uz Obrazac za reklamaciju prilo\u017eite fotografiju kao dokaz o razlogu reklamiranja.<\/p>\n\n\n\n<p>Nakon \u0161to kupac prijavi reklamaciju elektronskim putem ovla\u0161\u0107eno lice kod prodavca \u0107e kupcu bez odlaganja potvrditi prijem reklamacije i obavestiti kupca o odluci u roku od 8 dana od datuma njenog prijema. Ukoliko tra\u017eeni proizvod nemamo na stanju i ne mo\u017eemo ga zameniti, ponudi\u0107emo Vam povrat novca preko procedure Odustanka od ugovora.<\/p>\n\n\n\n<p>Ukoliko se reklamacija prihvata i postoji mogu\u0107nost zamene za isti ispravan proizvod, kupac je du\u017ean da proizvod vrati prodavcu na adresu navedenu od strane prodavca sa originalnom ambala\u017eom i svom dokumentacijom koju je uz paket dobio(ra\u010dun i propratna dokumentacija za on-line kupovinu)<\/p>\n\n\n\n<p>Paketi se vra\u0107aju prodavcu istom na na\u010din kako su bili preuzeti li\u010dnim povratom ili slanjejm brze po\u0161te od strane prodavca na adresu kupca. Tro\u0161kove vra\u0107anja proizvoda snosi prodavac.<\/p>\n\n\n\n<p>Po prijemu robe, prodavac \u0107e izvr\u0161iti pregled iste kako bi ustanovio da li se razlog reklamacije poklapa sa izjavom kupca. Prodavac \u0107e zatim kupcu poslati isti nov proizvod na predhodnu adresu bez tro\u0161kova dostave i otkupa.<\/p>\n\n\n\n<p>Za sve informacije i dodatnu pomo\u0107 u pogledu reklamacija kupci se mogu obratiti licu zadu\u017eenom za reklamacije na telefon 065 300 70 88<\/p>\n\n\n\n<h3 class=\"wp-block-heading\">Uslovi reklamacije<\/h3>\n\n\n\n<p>Reklamaciji podle\u017eu samo artikli kupljeni putem internet prodavnice prodajaigracaka.rs(posedovanje fiskalnog ra\u010duna)<br>Da biste dobili nov proizvod tj. izvr\u0161ili zamenu artikla, potrebno je da ne\u017eeljen ili o\u0161te\u0107en artikal vratite u njegovom originalnom pakovanju<br>Ukoliko je o\u0161te\u0107enje ili neispravnost posledica Va\u0161e neodgovaraju\u0107e ili neodgovorne upotrebe ne\u0107emo biti u mogu\u0107nosti da prihvatimo reklamaciju i o tome \u0107ete biti obave\u0161teni<br>Ukoliko ustanovimo da ste vratili artikal koji nije kupljen kod nas ili ste bili neiskreni u vezi stanja proizvoda, ne\u0107emo biti u mogu\u0107nosti da prihvatimo reklamaciju i o tome \u0107ete biti obave\u0161teni<\/p>\n\n\n\n<h3 class=\"wp-block-heading\">Odluka o reklamaciji<\/h3>\n\n\n\n<p>Prodavac \u0107e razmotriti predlog kupca u pogledu izjavljene reklamacije i u navedenom zakonskom roku da\u0107e kupcu odgovor da li prihvata reklamaciju, izjasniti se o zahtevu kupca i izneti konkretan predlog i rok re\u0161avanja. Ukoliko je reklamacija osnovana, a do\u0111e do raskida ugovora, prodavac \u0107e vratiti novac kupcu uplatom na teku\u0107i ra\u010dun u zakonski propisanom roku od 14 dana.<\/p>\n\n\n\n<h3 class=\"wp-block-heading\">Situacije koje ne podle\u017eu Reklamaciji proizvoda<\/h3>\n\n\n\n<p>Proizvod je polomljen ili o\u0161te\u0107en prilikom nepravilnog kori\u0161\u0107enja od strane kupca (bacanjem, udaranjem). Ve\u0107ina igra\u010daka je napravljena od plastike i mo\u017ee se polomiti i izgubiti svoju funkciju. Pri naru\u010divanju obratite pa\u017enju na uzrast,potrebe i navike deteta i kupujte u skladu sa njim.<br>Niste pro\u010ditali opis i proizvod ne odgovara Va\u0161im o\u010dekivanjima mo\u017eete vratiti proizvod uz popunjenu izjavu o raskidu ugovora&nbsp;<a href=\"https:\/\/prodajaigracaka.rs\/propratna-dokumentacija-za-on-line-kupovinu-izjava-o-odustajanju-od-ugovora-o-kupoprodaji-zakljucenog-na-daljinu-reklamacije-prava-i-obaveze\/\">https:\/\/prodajaigracaka.rs\/propratna-dokumentacija-za-on-line-kupovinu-izjava-o-odustajanju-od-ugovora-o-kupoprodaji-zakljucenog-na-daljinu-reklamacije-prava-i-obaveze\/<\/a><br>Kako mo\u017ee do\u0107i do gre\u0161ke sa na\u0161e strane, tako i kupac mo\u017ee napraviti gre\u0161ku pri naru\u010divanju. Molimo da detaljno i pa\u017eljivo pro\u010ditite opise proizvoda pre nego \u0161to ih naru\u010dite. Reklamacije koje su rezultat nepa\u017enje kupca ne mo\u017eemo prihvatiti kao na\u0161u odgovornost. Na svakoj stranici sa proizvodom imate slike, kratak opis, detaljan opis i ponekad video. Ukoliko su vam potrebne dodatne informacije o proizvodu a mi nismo u situaciji da vam iste obezbedimo prosledimo ne poru\u010dujete.<\/p>\n\n\n\n<p>Pa\u017eljivo pro\u010ditajte opise i pogledajte slike pre nego \u0161to naru\u010dite proizvod kako biste izbegli nesporazume i razo\u010darenja.<\/p>\n\n\n\n<p>Proizvode na sajtu nastojimo da opi\u0161emo \u0161to je preciznije mogu\u0107e, ali ne mo\u017eemo garantovati da su svi podaci i fotografije u potpunosti ta\u010dni i bez gre\u0161aka. Za informacije o proizvodu detaljno \u010ditatimopis,slika je informativnog karaktera.<\/p>\n\n\n\n<p>Ukoliko naru\u010dite igra\u010dku i daljim pregledom opisa ustanovite da ne \u017eelite da nastavite na kupovinom, molimo da nas o tome obavestite na telefon 065 300 7088 u najkra\u0107em mogu\u0107em roku kako bismo obustavili slanje paketa i time izbegli nepotrebno pla\u0107anje po\u0161tarine.<\/p>\n","protected":false},"excerpt":{"rendered":"<p>USLOVI KORI\u0160\u0106ENJA Kori\u0161\u0107enjem sajta prodajaigracaka.rs prihvatate Uslove kori\u0161\u0107enja navedene u slede\u0107em tekstu. Molimo da pro\u010ditate tekst pa\u017eljivo kako biste izbegli nedoumice. Hvala! Za kori\u0161\u0107enje web stranice prodajaigracaka.rs, primenjuju se ovi Op\u0161ti Uslovi kori\u0161\u0107enja i svi va\u017ee\u0107i zakoni i pravni propisi. Posetom i\/ili kupovinom na na\u0161oj online prodavnici \u201cprodajaigracaka\u201d (prodajaigracaka.rs) prihvatate Uslove kori\u0161\u0107enja koji su navedeni [&hellip;]<\/p>\n","protected":false},"author":1,"featured_media":0,"parent":0,"menu_order":0,"comment_status":"closed","ping_status":"closed","template":"","meta":{"_et_pb_use_builder":"off","_et_pb_old_content":"","_et_gb_content_width":"","footnotes":""},"class_list":["post-93","page","type-page","status-publish","hentry"],"_links":{"self":[{"href":"https:\/\/215.edukovac.xyz\/index.php\/wp-json\/wp\/v2\/pages\/93","targetHints":{"allow":["GET"]}}],"collection":[{"href":"https:\/\/215.edukovac.xyz\/index.php\/wp-json\/wp\/v2\/pages"}],"about":[{"href":"https:\/\/215.edukovac.xyz\/index.php\/wp-json\/wp\/v2\/types\/page"}],"author":[{"embeddable":true,"href":"https:\/\/215.edukovac.xyz\/index.php\/wp-json\/wp\/v2\/users\/1"}],"replies":[{"embeddable":true,"href":"https:\/\/215.edukovac.xyz\/index.php\/wp-json\/wp\/v2\/comments?post=93"}],"version-history":[{"count":5,"href":"https:\/\/215.edukovac.xyz\/index.php\/wp-json\/wp\/v2\/pages\/93\/revisions"}],"predecessor-version":[{"id":101,"href":"https:\/\/215.edukovac.xyz\/index.php\/wp-json\/wp\/v2\/pages\/93\/revisions\/101"}],"wp:attachment":[{"href":"https:\/\/215.edukovac.xyz\/index.php\/wp-json\/wp\/v2\/media?parent=93"}],"curies":[{"name":"wp","href":"https:\/\/api.w.org\/{rel}","templated":true}]}}