{"id":99,"date":"2026-02-25T21:53:14","date_gmt":"2026-02-25T21:53:14","guid":{"rendered":"https:\/\/215.edukovac.xyz\/?page_id=99"},"modified":"2026-02-25T21:53:14","modified_gmt":"2026-02-25T21:53:14","slug":"politika-privatnosti","status":"publish","type":"page","link":"https:\/\/215.edukovac.xyz\/index.php\/politika-privatnosti\/","title":{"rendered":"Politika privatnosti"},"content":{"rendered":"\n<p>Podaci koje potro\u0161a\u010d unosi prilikom pravljenja porud\u017ebine ,slu\u017ee isklju\u010divo u svrhu kontakta sa nama i kurirom brze po\u0161te i ne\u0107e biti<br>kori\u0161\u0107ene u druge svrhe.<br>Podaci koje potro\u0161a\u010d unosi u obrazac o odustajanju od ugovora zaklju\u010denog na daljinu,slu\u017ee isklju\u010divo u svrhe evidentiranja izmena<br>u prometu robe i ne\u0107e biti kori\u0161\u0107ene u druge svrhe.<br>Pristupanjem sajtu prodajaigracaka, vi prihvatate i sla\u017eete se da \u0107e te po\u0161tovati slede\u0107i privatnosti.<br>Ukoliko ne prihvatate uslove sadr\u017eane u ovoj izjavi Politike privatnosti, morate odmah da prestane da koristi sajt i \/ ili usluga Sajta.<br>Ova politika mo\u017ee da se promeni s vremena na vreme a\u017euriranjem stranice.<br>Trebalo bi da proverite ovu stranicu povremeno kako bi bili sigurni da ste upoznati sa svim promenama.<\/p>\n","protected":false},"excerpt":{"rendered":"<p>Podaci koje potro\u0161a\u010d unosi prilikom pravljenja porud\u017ebine ,slu\u017ee isklju\u010divo u svrhu kontakta sa nama i kurirom brze po\u0161te i ne\u0107e bitikori\u0161\u0107ene u druge svrhe.Podaci koje potro\u0161a\u010d unosi u obrazac o odustajanju od ugovora zaklju\u010denog na daljinu,slu\u017ee isklju\u010divo u svrhe evidentiranja izmenau prometu robe i ne\u0107e biti kori\u0161\u0107ene u druge svrhe.Pristupanjem sajtu prodajaigracaka, vi prihvatate i [&hellip;]<\/p>\n","protected":false},"author":1,"featured_media":0,"parent":0,"menu_order":0,"comment_status":"closed","ping_status":"closed","template":"","meta":{"_et_pb_use_builder":"off","_et_pb_old_content":"","_et_gb_content_width":"","footnotes":""},"class_list":["post-99","page","type-page","status-publish","hentry"],"_links":{"self":[{"href":"https:\/\/215.edukovac.xyz\/index.php\/wp-json\/wp\/v2\/pages\/99","targetHints":{"allow":["GET"]}}],"collection":[{"href":"https:\/\/215.edukovac.xyz\/index.php\/wp-json\/wp\/v2\/pages"}],"about":[{"href":"https:\/\/215.edukovac.xyz\/index.php\/wp-json\/wp\/v2\/types\/page"}],"author":[{"embeddable":true,"href":"https:\/\/215.edukovac.xyz\/index.php\/wp-json\/wp\/v2\/users\/1"}],"replies":[{"embeddable":true,"href":"https:\/\/215.edukovac.xyz\/index.php\/wp-json\/wp\/v2\/comments?post=99"}],"version-history":[{"count":1,"href":"https:\/\/215.edukovac.xyz\/index.php\/wp-json\/wp\/v2\/pages\/99\/revisions"}],"predecessor-version":[{"id":100,"href":"https:\/\/215.edukovac.xyz\/index.php\/wp-json\/wp\/v2\/pages\/99\/revisions\/100"}],"wp:attachment":[{"href":"https:\/\/215.edukovac.xyz\/index.php\/wp-json\/wp\/v2\/media?parent=99"}],"curies":[{"name":"wp","href":"https:\/\/api.w.org\/{rel}","templated":true}]}}